{"id":261,"date":"2026-01-14T16:52:16","date_gmt":"2026-01-14T14:52:16","guid":{"rendered":"https:\/\/teslavaraosat.fi\/index.php\/product\/jarrulevy-eteen\/"},"modified":"2026-01-29T14:28:26","modified_gmt":"2026-01-29T12:28:26","slug":"jarrulevy-eteen","status":"publish","type":"product","link":"https:\/\/teslavaraosat.fi\/index.php\/product\/jarrulevy-eteen\/","title":{"rendered":"Jarrulevy eteen \u2013 Tesla Model 3"},"content":{"rendered":"<p>Jarrulevy eteen<\/p>\n<p>Ulkol\u00e4pimitta: 320mm<br \/>\nPaksuus: 25mm<br \/>\nKeskitysreij\u00e4n l\u00e4pimitta: 70,1mm<br \/>\nKorkeus: 68mm<\/p>\n<p>OEM-numero:<\/p>\n<p>1044611-00-D<\/p>\n<p>Model:<\/p>\n<p>Model 3: vuosimallit 2016 -&gt;<br \/>\nModel Y: vuosimallit 2020 -&gt;<\/p>\n","protected":false},"excerpt":{"rendered":"<p>Jarrulevy eteen Ulkol\u00e4pimitta: 320mm Paksuus: 25mm Keskitysreij\u00e4n l\u00e4pimitta: 70,1mm Korkeus: 68mm OEM-numero: 1044611-00-D Model: Model 3: vuosimallit 2016 -&gt; Model Y: vuosimallit 2020 -&gt;<\/p>\n","protected":false},"featured_media":356,"comment_status":"open","ping_status":"closed","template":"","meta":[],"product_brand":[],"product_cat":[105,144],"product_tag":[103,104,90,95,97],"class_list":{"0":"post-261","1":"product","2":"type-product","3":"status-publish","4":"has-post-thumbnail","6":"product_cat-jarrupalat-levyt","7":"product_cat-model-3","8":"product_tag-jarrulevy","9":"product_tag-levyjarru","10":"product_tag-model-3","11":"product_tag-tesla","12":"product_tag-varaosat","14":"first","15":"instock","16":"taxable","17":"shipping-taxable","18":"purchasable","19":"product-type-simple"},"jetpack_sharing_enabled":true,"_links":{"self":[{"href":"https:\/\/teslavaraosat.fi\/index.php\/wp-json\/wp\/v2\/product\/261","targetHints":{"allow":["GET"]}}],"collection":[{"href":"https:\/\/teslavaraosat.fi\/index.php\/wp-json\/wp\/v2\/product"}],"about":[{"href":"https:\/\/teslavaraosat.fi\/index.php\/wp-json\/wp\/v2\/types\/product"}],"replies":[{"embeddable":true,"href":"https:\/\/teslavaraosat.fi\/index.php\/wp-json\/wp\/v2\/comments?post=261"}],"version-history":[{"count":1,"href":"https:\/\/teslavaraosat.fi\/index.php\/wp-json\/wp\/v2\/product\/261\/revisions"}],"predecessor-version":[{"id":775,"href":"https:\/\/teslavaraosat.fi\/index.php\/wp-json\/wp\/v2\/product\/261\/revisions\/775"}],"wp:featuredmedia":[{"embeddable":true,"href":"https:\/\/teslavaraosat.fi\/index.php\/wp-json\/wp\/v2\/media\/356"}],"wp:attachment":[{"href":"https:\/\/teslavaraosat.fi\/index.php\/wp-json\/wp\/v2\/media?parent=261"}],"wp:term":[{"taxonomy":"product_brand","embeddable":true,"href":"https:\/\/teslavaraosat.fi\/index.php\/wp-json\/wp\/v2\/product_brand?post=261"},{"taxonomy":"product_cat","embeddable":true,"href":"https:\/\/teslavaraosat.fi\/index.php\/wp-json\/wp\/v2\/product_cat?post=261"},{"taxonomy":"product_tag","embeddable":true,"href":"https:\/\/teslavaraosat.fi\/index.php\/wp-json\/wp\/v2\/product_tag?post=261"}],"curies":[{"name":"wp","href":"https:\/\/api.w.org\/{rel}","templated":true}]}}